{"id":386,"date":"2025-03-26T14:10:06","date_gmt":"2025-03-26T14:10:06","guid":{"rendered":"https:\/\/kranster.hr\/?page_id=386"},"modified":"2025-03-26T14:10:06","modified_gmt":"2025-03-26T14:10:06","slug":"radio-kontrole","status":"publish","type":"page","link":"https:\/\/kranster.hr\/?page_id=386","title":{"rendered":"Radio Kontrole"},"content":{"rendered":"\n[et_pb_section fb_built=&#8221;1&#8243; _builder_version=&#8221;4.27.2&#8243; _module_preset=&#8221;default&#8221; border_width_bottom=&#8221;3px&#8221; border_color_bottom=&#8221;#004996&#8243; global_colors_info=&#8221;{}&#8221; theme_builder_area=&#8221;post_content&#8221; custom_padding=&#8221;||11px|||&#8221; custom_margin=&#8221;||20px|||&#8221;][et_pb_row _builder_version=&#8221;4.27.2&#8243; _module_preset=&#8221;default&#8221; hover_enabled=&#8221;0&#8243; global_colors_info=&#8221;{}&#8221; theme_builder_area=&#8221;post_content&#8221; sticky_enabled=&#8221;0&#8243; custom_margin=&#8221;|auto||auto|false|false&#8221;][et_pb_column type=&#8221;4_4&#8243; _builder_version=&#8221;4.27.2&#8243; _module_preset=&#8221;default&#8221; global_colors_info=&#8221;{}&#8221; theme_builder_area=&#8221;post_content&#8221;][et_pb_heading title=&#8221;Radio Kontrole&#8221; _builder_version=&#8221;4.27.2&#8243; _module_preset=&#8221;default&#8221; title_text_color=&#8221;#004996&#8243; title_font_size=&#8221;46px&#8221; title_letter_spacing=&#8221;4px&#8221; custom_margin=&#8221;||||false|false&#8221; custom_padding=&#8221;||||false|false&#8221; hover_enabled=&#8221;0&#8243; border_color_bottom=&#8221;#004996&#8243; global_colors_info=&#8221;{}&#8221; theme_builder_area=&#8221;post_content&#8221; sticky_enabled=&#8221;0&#8243;][\/et_pb_heading][\/et_pb_column][\/et_pb_row][\/et_pb_section][et_pb_section fb_built=&#8221;1&#8243; _builder_version=&#8221;4.27.2&#8243; _module_preset=&#8221;default&#8221; hover_enabled=&#8221;0&#8243; border_color_bottom=&#8221;#004996&#8243; global_colors_info=&#8221;{}&#8221; theme_builder_area=&#8221;post_content&#8221; custom_padding=&#8221;0px||11px|||&#8221; custom_margin=&#8221;||20px|||&#8221; sticky_enabled=&#8221;0&#8243;][et_pb_row _builder_version=&#8221;4.27.2&#8243; _module_preset=&#8221;default&#8221; hover_enabled=&#8221;0&#8243; global_colors_info=&#8221;{}&#8221; theme_builder_area=&#8221;post_content&#8221; sticky_enabled=&#8221;0&#8243; custom_margin=&#8221;|auto||auto|false|false&#8221;][et_pb_column type=&#8221;4_4&#8243; _builder_version=&#8221;4.27.2&#8243; _module_preset=&#8221;default&#8221; global_colors_info=&#8221;{}&#8221; theme_builder_area=&#8221;post_content&#8221;][et_pb_text _builder_version=&#8221;4.27.2&#8243; _module_preset=&#8221;default&#8221; theme_builder_area=&#8221;post_content&#8221; hover_enabled=&#8221;0&#8243; sticky_enabled=&#8221;0&#8243; text_font_size=&#8221;18px&#8221;]<p data-start=\"80\" data-end=\"262\" class=\"\">Uz standardne \u017ei\u010dane upravlja\u010de, za upravljanje dizalicama u ponudi imamo be\u017ei\u010dne upravlja\u010de koji omogu\u0107uju rad na sigurnoj udaljenosti s velikom precizno\u0161\u0107u, bez ometanja pogleda i bez ograni\u010denja kabela.<\/p>\n<p data-start=\"410\" data-end=\"534\" class=\"\">Svi na\u0161i upravlja\u010di opremljeni su tipkom za isklju\u010divanje u nu\u017edi i udovoljavaju svim industrijskim sigurnosnim standardima.<\/p>\n<p data-start=\"410\" data-end=\"534\" class=\"\">Ovisno o va\u0161im potrebama na\u0161i upravlja\u010di dolaze s raznim mogu\u010dnostima i kombinacijama upravlja\u010dkih tipki od koji su neke :\u00a0<\/p>\n<ul>\n<li style=\"list-style-type: none;\">\n<ul>\n<li data-start=\"410\" data-end=\"534\">od 2 do 12 upravlja\u010dkih tipki\u00a0<\/li>\n<li data-start=\"410\" data-end=\"534\">jedno stupanjske ili vi\u0161e stupanjske tipke<\/li>\n<li data-start=\"410\" data-end=\"534\">punjive ili izmjenjive baterije<\/li>\n<li data-start=\"410\" data-end=\"534\">zaslon za prikaz ili signalne LED diode<\/li>\n<li data-start=\"410\" data-end=\"534\">&#8230;<\/li>\n<\/ul>\n<\/li>\n<\/ul>\n<p data-start=\"410\" data-end=\"534\" class=\"\"><\/p>[\/et_pb_text][\/et_pb_column][\/et_pb_row][\/et_pb_section][et_pb_section fb_built=&#8221;1&#8243; _builder_version=&#8221;4.27.2&#8243; _module_preset=&#8221;default&#8221; hover_enabled=&#8221;0&#8243; border_width_bottom=&#8221;3px&#8221; border_color_bottom=&#8221;#004996&#8243; global_colors_info=&#8221;{}&#8221; theme_builder_area=&#8221;post_content&#8221; custom_padding=&#8221;||11px|||&#8221; custom_margin=&#8221;||20px|||&#8221; sticky_enabled=&#8221;0&#8243;][et_pb_row _builder_version=&#8221;4.27.2&#8243; _module_preset=&#8221;default&#8221; hover_enabled=&#8221;0&#8243; global_colors_info=&#8221;{}&#8221; column_structure=&#8221;1_4,1_4,1_4,1_4&#8243; theme_builder_area=&#8221;post_content&#8221; sticky_enabled=&#8221;0&#8243; custom_margin=&#8221;|auto||auto|false|false&#8221;][et_pb_column type=&#8221;1_4&#8243; _builder_version=&#8221;4.27.2&#8243; _module_preset=&#8221;default&#8221; global_colors_info=&#8221;{}&#8221; theme_builder_area=&#8221;post_content&#8221;][et_pb_image src=&#8221;https:\/\/kranster.hr\/wp-content\/uploads\/2025\/03\/tiger-g2-predajnik-6&#215;2-stepene-tipke-zaslon-ple-sil3-tg-t9-2-100-001-598-35.jpg&#8221; _builder_version=&#8221;4.27.2&#8243; _module_preset=&#8221;default&#8221; theme_builder_area=&#8221;post_content&#8221; title_text=&#8221;tiger-g2-predajnik-6&#215;2-stepene-tipke-zaslon-ple-sil3-tg-t9-2-100-001-598-35&#8243; hover_enabled=&#8221;0&#8243; sticky_enabled=&#8221;0&#8243;][\/et_pb_image][\/et_pb_column][et_pb_column type=&#8221;1_4&#8243; _builder_version=&#8221;4.27.2&#8243; _module_preset=&#8221;default&#8221; global_colors_info=&#8221;{}&#8221; theme_builder_area=&#8221;post_content&#8221;][et_pb_image src=&#8221;https:\/\/kranster.hr\/wp-content\/uploads\/2025\/03\/tiger-g2-predajnik-8&#215;2-stepene-tipke-ple-sil3-tg-t9-1-100-001-595-96-1.jpg&#8221; _builder_version=&#8221;4.27.2&#8243; _module_preset=&#8221;default&#8221; theme_builder_area=&#8221;post_content&#8221; title_text=&#8221;tiger-g2-predajnik-8&#215;2-stepene-tipke-ple-sil3-tg-t9-1-100-001-595-96 (1)&#8221; hover_enabled=&#8221;0&#8243; sticky_enabled=&#8221;0&#8243;][\/et_pb_image][\/et_pb_column][et_pb_column type=&#8221;1_4&#8243; _builder_version=&#8221;4.27.2&#8243; _module_preset=&#8221;default&#8221; global_colors_info=&#8221;{}&#8221; theme_builder_area=&#8221;post_content&#8221;][et_pb_image src=&#8221;https:\/\/kranster.hr\/wp-content\/uploads\/2025\/03\/tiger-g2-predajnik-10&#215;2-stepene-tipke-zaslon-sil3-ple-tg-t11-4-100-001-567-23.jpg&#8221; _builder_version=&#8221;4.27.2&#8243; _module_preset=&#8221;default&#8221; theme_builder_area=&#8221;post_content&#8221; title_text=&#8221;tiger-g2-predajnik-10&#215;2-stepene-tipke-zaslon-sil3-ple-tg-t11-4-100-001-567-23&#8243; hover_enabled=&#8221;0&#8243; sticky_enabled=&#8221;0&#8243; locked=&#8221;off&#8221;][\/et_pb_image][\/et_pb_column][et_pb_column type=&#8221;1_4&#8243; _builder_version=&#8221;4.27.2&#8243; _module_preset=&#8221;default&#8221; global_colors_info=&#8221;{}&#8221; theme_builder_area=&#8221;post_content&#8221;][et_pb_image src=&#8221;https:\/\/kranster.hr\/wp-content\/uploads\/2025\/03\/tiger-g2-predajnik-4&#215;2-stepene-tipke-zaslon-sil3-ple-tg-t14-7-100-001-584-91.jpg&#8221; _builder_version=&#8221;4.27.2&#8243; _module_preset=&#8221;default&#8221; theme_builder_area=&#8221;post_content&#8221; title_text=&#8221;tiger-g2-predajnik-4&#215;2-stepene-tipke-zaslon-sil3-ple-tg-t14-7-100-001-584-91&#8243; hover_enabled=&#8221;0&#8243; sticky_enabled=&#8221;0&#8243; locked=&#8221;off&#8221;][\/et_pb_image][\/et_pb_column][\/et_pb_row][et_pb_row _builder_version=&#8221;4.27.2&#8243; _module_preset=&#8221;default&#8221; hover_enabled=&#8221;0&#8243; global_colors_info=&#8221;{}&#8221; column_structure=&#8221;1_4,1_4,1_4,1_4&#8243; theme_builder_area=&#8221;post_content&#8221; sticky_enabled=&#8221;0&#8243; custom_margin=&#8221;|auto||auto|false|false&#8221;][et_pb_column type=&#8221;1_4&#8243; _builder_version=&#8221;4.27.2&#8243; _module_preset=&#8221;default&#8221; global_colors_info=&#8221;{}&#8221; theme_builder_area=&#8221;post_content&#8221;][et_pb_image src=&#8221;https:\/\/kranster.hr\/wp-content\/uploads\/2025\/03\/tiger-g2-predajnik-12&#215;2-stepene-tipke-sil3-ple-tg-t11-5-100-001-568-36.jpg&#8221; _builder_version=&#8221;4.27.2&#8243; _module_preset=&#8221;default&#8221; theme_builder_area=&#8221;post_content&#8221; title_text=&#8221;tiger-g2-predajnik-12&#215;2-stepene-tipke-sil3-ple-tg-t11-5-100-001-568-36&#8243; hover_enabled=&#8221;0&#8243; sticky_enabled=&#8221;0&#8243;][\/et_pb_image][\/et_pb_column][et_pb_column type=&#8221;1_4&#8243; _builder_version=&#8221;4.27.2&#8243; _module_preset=&#8221;default&#8221; global_colors_info=&#8221;{}&#8221; theme_builder_area=&#8221;post_content&#8221;][et_pb_image src=&#8221;https:\/\/kranster.hr\/wp-content\/uploads\/2025\/03\/tiger-g2-predajnik-4&#215;2-stepene-tipke-zaslon-sil3-ple-tg-t15-7-100-001-591-44.jpg&#8221; _builder_version=&#8221;4.27.2&#8243; _module_preset=&#8221;default&#8221; theme_builder_area=&#8221;post_content&#8221; title_text=&#8221;tiger-g2-predajnik-4&#215;2-stepene-tipke-zaslon-sil3-ple-tg-t15-7-100-001-591-44&#8243; hover_enabled=&#8221;0&#8243; sticky_enabled=&#8221;0&#8243;][\/et_pb_image][\/et_pb_column][et_pb_column type=&#8221;1_4&#8243; _builder_version=&#8221;4.27.2&#8243; _module_preset=&#8221;default&#8221; global_colors_info=&#8221;{}&#8221; theme_builder_area=&#8221;post_content&#8221;][et_pb_image src=&#8221;https:\/\/kranster.hr\/wp-content\/uploads\/2025\/03\/panther-predajnik-8&#215;2-stepene-tipke-pld-cat3-pn-t19-2-100-001-219-69.jpg&#8221; _builder_version=&#8221;4.27.2&#8243; _module_preset=&#8221;default&#8221; theme_builder_area=&#8221;post_content&#8221; title_text=&#8221;panther-predajnik-8&#215;2-stepene-tipke-pld-cat3-pn-t19-2-100-001-219-69&#8243; hover_enabled=&#8221;0&#8243; sticky_enabled=&#8221;0&#8243; locked=&#8221;off&#8221;][\/et_pb_image][\/et_pb_column][et_pb_column type=&#8221;1_4&#8243; _builder_version=&#8221;4.27.2&#8243; _module_preset=&#8221;default&#8221; global_colors_info=&#8221;{}&#8221; theme_builder_area=&#8221;post_content&#8221;][et_pb_image src=&#8221;https:\/\/kranster.hr\/wp-content\/uploads\/2025\/03\/panther-transmitter-12&#215;2-step-buttons-pld-cat3-pn-t29-12-100-001-992-12.jpg&#8221; _builder_version=&#8221;4.27.2&#8243; _module_preset=&#8221;default&#8221; theme_builder_area=&#8221;post_content&#8221; title_text=&#8221;panther-transmitter-12&#215;2-step-buttons-pld-cat3-pn-t29-12-100-001-992-12&#8243; hover_enabled=&#8221;0&#8243; sticky_enabled=&#8221;0&#8243; locked=&#8221;off&#8221;][\/et_pb_image][\/et_pb_column][\/et_pb_row][et_pb_row _builder_version=&#8221;4.27.2&#8243; _module_preset=&#8221;default&#8221; hover_enabled=&#8221;0&#8243; global_colors_info=&#8221;{}&#8221; column_structure=&#8221;1_4,1_4,1_4,1_4&#8243; theme_builder_area=&#8221;post_content&#8221; sticky_enabled=&#8221;0&#8243; custom_margin=&#8221;|auto||auto|false|false&#8221;][et_pb_column type=&#8221;1_4&#8243; _builder_version=&#8221;4.27.2&#8243; _module_preset=&#8221;default&#8221; global_colors_info=&#8221;{}&#8221; theme_builder_area=&#8221;post_content&#8221;][et_pb_image src=&#8221;https:\/\/kranster.hr\/wp-content\/uploads\/2025\/03\/F21-2D.jpg&#8221; _builder_version=&#8221;4.27.2&#8243; _module_preset=&#8221;default&#8221; theme_builder_area=&#8221;post_content&#8221; title_text=&#8221;F21 2D&#8221; hover_enabled=&#8221;0&#8243; sticky_enabled=&#8221;0&#8243;][\/et_pb_image][\/et_pb_column][et_pb_column type=&#8221;1_4&#8243; _builder_version=&#8221;4.27.2&#8243; _module_preset=&#8221;default&#8221; global_colors_info=&#8221;{}&#8221; theme_builder_area=&#8221;post_content&#8221;][et_pb_image src=&#8221;https:\/\/kranster.hr\/wp-content\/uploads\/2025\/03\/Tender4-1.jpg&#8221; _builder_version=&#8221;4.27.2&#8243; _module_preset=&#8221;default&#8221; theme_builder_area=&#8221;post_content&#8221; title_text=&#8221;Tender4-1&#8243; hover_enabled=&#8221;0&#8243; sticky_enabled=&#8221;0&#8243;][\/et_pb_image][\/et_pb_column][et_pb_column type=&#8221;1_4&#8243; _builder_version=&#8221;4.27.2&#8243; _module_preset=&#8221;default&#8221; global_colors_info=&#8221;{}&#8221; theme_builder_area=&#8221;post_content&#8221;][et_pb_image src=&#8221;https:\/\/kranster.hr\/wp-content\/uploads\/2025\/03\/f21-e1-twin.jpg&#8221; _builder_version=&#8221;4.27.2&#8243; _module_preset=&#8221;default&#8221; theme_builder_area=&#8221;post_content&#8221; title_text=&#8221;f21-e1-twin&#8221; hover_enabled=&#8221;0&#8243; sticky_enabled=&#8221;0&#8243; locked=&#8221;off&#8221;][\/et_pb_image][\/et_pb_column][et_pb_column type=&#8221;1_4&#8243; _builder_version=&#8221;4.27.2&#8243; _module_preset=&#8221;default&#8221; global_colors_info=&#8221;{}&#8221; theme_builder_area=&#8221;post_content&#8221;][et_pb_image src=&#8221;https:\/\/kranster.hr\/wp-content\/uploads\/2025\/03\/Silver-Nova-F24-12D.jpg&#8221; _builder_version=&#8221;4.27.2&#8243; _module_preset=&#8221;default&#8221; theme_builder_area=&#8221;post_content&#8221; title_text=&#8221;Silver-Nova-F24-12D&#8221; hover_enabled=&#8221;0&#8243; sticky_enabled=&#8221;0&#8243; locked=&#8221;off&#8221;][\/et_pb_image][\/et_pb_column][\/et_pb_row][\/et_pb_section]\n","protected":false},"excerpt":{"rendered":"<p>Uz standardne \u017ei\u010dane upravlja\u010de, za upravljanje dizalicama u ponudi imamo be\u017ei\u010dne upravlja\u010de koji omogu\u0107uju rad na sigurnoj udaljenosti s velikom precizno\u0161\u0107u, bez ometanja pogleda i bez ograni\u010denja kabela. Svi na\u0161i upravlja\u010di opremljeni su tipkom za isklju\u010divanje u nu\u017edi i udovoljavaju svim industrijskim sigurnosnim standardima. Ovisno o va\u0161im potrebama na\u0161i upravlja\u010di dolaze s raznim mogu\u010dnostima i [&hellip;]<\/p>\n","protected":false},"author":1,"featured_media":0,"parent":0,"menu_order":0,"comment_status":"closed","ping_status":"closed","template":"","meta":{"_et_pb_use_builder":"on","_et_pb_old_content":"","_et_gb_content_width":"","footnotes":""},"class_list":["post-386","page","type-page","status-publish","hentry"],"_links":{"self":[{"href":"https:\/\/kranster.hr\/index.php?rest_route=\/wp\/v2\/pages\/386","targetHints":{"allow":["GET"]}}],"collection":[{"href":"https:\/\/kranster.hr\/index.php?rest_route=\/wp\/v2\/pages"}],"about":[{"href":"https:\/\/kranster.hr\/index.php?rest_route=\/wp\/v2\/types\/page"}],"author":[{"embeddable":true,"href":"https:\/\/kranster.hr\/index.php?rest_route=\/wp\/v2\/users\/1"}],"replies":[{"embeddable":true,"href":"https:\/\/kranster.hr\/index.php?rest_route=%2Fwp%2Fv2%2Fcomments&post=386"}],"version-history":[{"count":4,"href":"https:\/\/kranster.hr\/index.php?rest_route=\/wp\/v2\/pages\/386\/revisions"}],"predecessor-version":[{"id":404,"href":"https:\/\/kranster.hr\/index.php?rest_route=\/wp\/v2\/pages\/386\/revisions\/404"}],"wp:attachment":[{"href":"https:\/\/kranster.hr\/index.php?rest_route=%2Fwp%2Fv2%2Fmedia&parent=386"}],"curies":[{"name":"wp","href":"https:\/\/api.w.org\/{rel}","templated":true}]}}