{"id":334,"date":"2024-11-05T22:51:18","date_gmt":"2024-11-05T22:51:18","guid":{"rendered":"https:\/\/kranster.hr\/?page_id=334"},"modified":"2025-04-07T21:20:14","modified_gmt":"2025-04-07T21:20:14","slug":"pocetna-draft","status":"publish","type":"page","link":"https:\/\/kranster.hr\/?page_id=334","title":{"rendered":"Zastupni\u0161tva"},"content":{"rendered":"<p>[et_pb_section fb_built=&#8221;1&#8243; _builder_version=&#8221;4.27.2&#8243; _module_preset=&#8221;default&#8221; border_width_bottom=&#8221;3px&#8221; border_color_bottom=&#8221;#004996&#8243; global_colors_info=&#8221;{}&#8221;][et_pb_row _builder_version=&#8221;4.27.2&#8243; _module_preset=&#8221;default&#8221; global_colors_info=&#8221;{}&#8221;][et_pb_column type=&#8221;4_4&#8243; _builder_version=&#8221;4.27.2&#8243; _module_preset=&#8221;default&#8221; global_colors_info=&#8221;{}&#8221;][et_pb_heading title=&#8221;Zastupni\u0161tva&#8221; _builder_version=&#8221;4.27.2&#8243; _module_preset=&#8221;default&#8221; title_text_color=&#8221;#004996&#8243; title_font_size=&#8221;46px&#8221; title_letter_spacing=&#8221;4px&#8221; custom_margin=&#8221;||||false|false&#8221; custom_padding=&#8221;||||false|false&#8221; border_color_bottom=&#8221;#004996&#8243; global_colors_info=&#8221;{}&#8221;][\/et_pb_heading][\/et_pb_column][\/et_pb_row][\/et_pb_section][et_pb_section fb_built=&#8221;1&#8243; _builder_version=&#8221;4.27.2&#8243; _module_preset=&#8221;default&#8221; global_colors_info=&#8221;{}&#8221; hover_enabled=&#8221;0&#8243; sticky_enabled=&#8221;0&#8243;][et_pb_row column_structure=&#8221;3_5,2_5&#8243; _builder_version=&#8221;4.27.4&#8243; _module_preset=&#8221;default&#8221; global_colors_info=&#8221;{}&#8221; link_option_url=&#8221;https:\/\/www.swfkrantechnik.com\/hr\/&#8221; link_option_url_new_window=&#8221;on&#8221; hover_enabled=&#8221;0&#8243; sticky_enabled=&#8221;0&#8243;][et_pb_column type=&#8221;3_5&#8243; _builder_version=&#8221;4.27.2&#8243; _module_preset=&#8221;default&#8221; global_colors_info=&#8221;{}&#8221;][et_pb_text _builder_version=&#8221;4.27.4&#8243; _module_preset=&#8221;default&#8221; text_font_size=&#8221;18px&#8221; hover_enabled=&#8221;0&#8243; global_colors_info=&#8221;{}&#8221; link_option_url=&#8221;https:\/\/www.swfkrantechnik.com\/hr\/&#8221; link_option_url_new_window=&#8221;on&#8221; sticky_enabled=&#8221;0&#8243;]<\/p>\n<h1 class=\"av-special-heading-tag \" itemprop=\"headline\"><span style=\"color: #004996;\">SWF KRANTECHNIK makes it easy.<\/span><\/h1>\n<p><span style=\"color: #004996;\"><\/span><\/p>\n<p>Od osnutka 1921. godine, povijest tvrtke SWF Krantechnik oblikovana je iskustvom, inovacijama i stalnim rastom. Sa sjedi\u0161tem u Mannheimu, Njema\u010dka, i uredom u \u0160angaju, svrstavaju se me\u0111u globalne lidere za dizalice i opremu za podizanje. SWF Krantechnik je \u010dlan Grupe Konecranes.<\/p>\n<p>Svojim portfeljem proizvoda u bliskoj suradnji s partnerima postavljaju standarde na tr\u017ei\u0161tu. Od lan\u010danih dizalica i elektri\u010dnih dizalica sa \u017ei\u010danom u\u017eadi, do komponenti dizalica, elektroni\u010dkih sustava za nadzor i kontrolu, do lakih sustava dizalica, nude vrlo fleksibilna rje\u0161enja za mnoge razli\u010dite slo\u017eene zahtjeve u raznim industrijama. Cijeli portfelj tako\u0111er je dostupan u verzijama otpornim na eksploziju (EX).<\/p>\n<p><span style=\"text-decoration: underline;\"><span style=\"color: #666666; text-decoration: underline;\">https:\/\/www.swfkrantechnik.com\/hr\/<\/span><\/span><\/p>\n<p>&nbsp;<\/p>\n<p>[\/et_pb_text][\/et_pb_column][et_pb_column type=&#8221;2_5&#8243; _builder_version=&#8221;4.27.2&#8243; _module_preset=&#8221;default&#8221; global_colors_info=&#8221;{}&#8221;][et_pb_image src=&#8221;https:\/\/kranster.hr\/wp-content\/uploads\/2025\/03\/logo-SWF-1-1.png&#8221; title_text=&#8221;logo-SWF (1)&#8221; url=&#8221;https:\/\/www.swfkrantechnik.com\/hr\/&#8221; url_new_window=&#8221;on&#8221; align=&#8221;center&#8221; _builder_version=&#8221;4.27.2&#8243; _module_preset=&#8221;default&#8221; width=&#8221;125%&#8221; max_width=&#8221;125%&#8221; height=&#8221;125%&#8221; global_colors_info=&#8221;{}&#8221;][\/et_pb_image][\/et_pb_column][\/et_pb_row][et_pb_row column_structure=&#8221;3_5,2_5&#8243; _builder_version=&#8221;4.27.4&#8243; _module_preset=&#8221;default&#8221; global_colors_info=&#8221;{}&#8221; link_option_url=&#8221;https:\/\/www.vettercranes.com\/en\/&#8221; link_option_url_new_window=&#8221;on&#8221; hover_enabled=&#8221;0&#8243; sticky_enabled=&#8221;0&#8243;][et_pb_column type=&#8221;3_5&#8243; _builder_version=&#8221;4.27.2&#8243; _module_preset=&#8221;default&#8221; global_colors_info=&#8221;{}&#8221;][et_pb_text _builder_version=&#8221;4.27.4&#8243; _module_preset=&#8221;default&#8221; text_font_size=&#8221;18px&#8221; global_colors_info=&#8221;{}&#8221; link_option_url_new_window=&#8221;on&#8221; link_option_url=&#8221;https:\/\/www.vettercranes.com\/en\/&#8221; hover_enabled=&#8221;0&#8243; sticky_enabled=&#8221;0&#8243;]<\/p>\n<h1 class=\"av-special-heading-tag \" itemprop=\"headline\"><span style=\"color: #e30613;\">VETTER Krantechnik GmbH<\/span><\/h1>\n<p><span style=\"color: #004996;\"><\/span><\/p>\n<p>VTTER Krantechnik GmbH je obiteljsko poduze\u0107e srednje veli\u010dine koje se tijekom svoje 130-godi\u0161nje povijesti razvilo u vode\u0107eg europskog proizvo\u0111a\u010da dizalica s okretnim kranom, sustava portalnih dizalica i ure\u0111aja za okretanje tereta ROTOMAX\u00ae. Dizalice su njihova apsolutna strast &#8211; tu le\u017ei njihova stru\u010dnost!<\/p>\n<p><a href=\"https:\/\/www.vettercranes.com\/en\/\"><span style=\"text-decoration: underline;\"><span style=\"color: #666666; text-decoration: underline;\">https:\/\/www.vettercranes.com\/en\/<\/span><\/span><\/a><\/p>\n<p>&nbsp;<\/p>\n<p>[\/et_pb_text][\/et_pb_column][et_pb_column type=&#8221;2_5&#8243; _builder_version=&#8221;4.27.2&#8243; _module_preset=&#8221;default&#8221; global_colors_info=&#8221;{}&#8221;][et_pb_image src=&#8221;https:\/\/kranster.hr\/wp-content\/uploads\/2025\/03\/vetter-logo.png&#8221; title_text=&#8221;vetter logo&#8221; url=&#8221;https:\/\/www.vettercranes.com\/en\/&#8221; url_new_window=&#8221;on&#8221; align=&#8221;center&#8221; _builder_version=&#8221;4.27.2&#8243; _module_preset=&#8221;default&#8221; background_color=&#8221;RGBA(255,255,255,0)&#8221; width=&#8221;125%&#8221; max_width=&#8221;125%&#8221; height=&#8221;125%&#8221; global_colors_info=&#8221;{}&#8221;][\/et_pb_image][\/et_pb_column][\/et_pb_row][et_pb_row column_structure=&#8221;3_5,2_5&#8243; _builder_version=&#8221;4.27.4&#8243; _module_preset=&#8221;default&#8221; global_colors_info=&#8221;{}&#8221; link_option_url=&#8221;https:\/\/www.tele-radio.com\/hr\/&#8221; link_option_url_new_window=&#8221;on&#8221; hover_enabled=&#8221;0&#8243; sticky_enabled=&#8221;0&#8243;][et_pb_column type=&#8221;3_5&#8243; _builder_version=&#8221;4.27.2&#8243; _module_preset=&#8221;default&#8221; global_colors_info=&#8221;{}&#8221;][et_pb_text _builder_version=&#8221;4.27.2&#8243; _module_preset=&#8221;default&#8221; text_font_size=&#8221;18px&#8221; global_colors_info=&#8221;{}&#8221;]<\/p>\n<h1 class=\"av-special-heading-tag \" itemprop=\"headline\"><span style=\"color: #f1bc0c;\">Tele Radio &#8211; wireless solutions<\/span><\/h1>\n<p><span style=\"color: #f1bc0c;\"><\/span><\/p>\n<p>Tele Radio razvija, proizvodi i prodaje pouzdane sustave radio daljinskih kontrola za industrijsku upotrebu. Kompanija je osnovana u \u0160vedskoj 1955. i od tada se razvila u ekspanzivnu grupu, Tele Radio Grupu.<\/p>\n<p>Mati\u010dni ured je smje\u0161ten u neposrednoj blizini Geteborga, predio Askim, te ima vi\u0161e od desetak podru\u017enica u Europi, SAD-u, Australiji i Aziji. Osim sa podru\u017enicama, sura\u0111ujemo sa distributerima i partnerima u cijelom svijetu.<\/p>\n<p><span style=\"text-decoration: underline;\"><span style=\"color: #666666; text-decoration: underline;\">https:\/\/www.tele-radio.com\/hr\/<\/span><\/span><\/p>\n<p>&nbsp;<\/p>\n<p>[\/et_pb_text][\/et_pb_column][et_pb_column type=&#8221;2_5&#8243; _builder_version=&#8221;4.27.2&#8243; _module_preset=&#8221;default&#8221; global_colors_info=&#8221;{}&#8221;][et_pb_image src=&#8221;https:\/\/kranster.hr\/wp-content\/uploads\/2025\/03\/logotype-tele-radio-e1742991353881.jpg&#8221; title_text=&#8221;logotype-tele-radio&#8221; url=&#8221;https:\/\/www.tele-radio.com\/hr\/&#8221; url_new_window=&#8221;on&#8221; align=&#8221;center&#8221; _builder_version=&#8221;4.27.2&#8243; _module_preset=&#8221;default&#8221; width=&#8221;125%&#8221; max_width=&#8221;125%&#8221; height=&#8221;125%&#8221; global_colors_info=&#8221;{}&#8221;][\/et_pb_image][\/et_pb_column][\/et_pb_row][et_pb_row column_structure=&#8221;3_5,2_5&#8243; _builder_version=&#8221;4.27.4&#8243; _module_preset=&#8221;default&#8221; global_colors_info=&#8221;{}&#8221; link_option_url=&#8221;https:\/\/www.telecrane.it\/en\/&#8221; link_option_url_new_window=&#8221;on&#8221; hover_enabled=&#8221;0&#8243; sticky_enabled=&#8221;0&#8243;][et_pb_column type=&#8221;3_5&#8243; _builder_version=&#8221;4.27.2&#8243; _module_preset=&#8221;default&#8221; global_colors_info=&#8221;{}&#8221;][et_pb_text _builder_version=&#8221;4.27.2&#8243; _module_preset=&#8221;default&#8221; text_font_size=&#8221;18px&#8221; global_colors_info=&#8221;{}&#8221;]<\/p>\n<h1 class=\"av-special-heading-tag \" itemprop=\"headline\"><span style=\"color: #db0016;\">TELECRANE ITALIA<\/span><\/h1>\n<p><span style=\"color: #004996;\"><\/span><\/p>\n<p>Telecrane Italia Srl je jedini preprodava\u010d Telecrane proizvoda za mnoge zemlje.<br \/>Telecrane Italia distribuira Silver Line daljinske upravlja\u010de posebno osmi\u0161ljene i sastavljene za europsko tr\u017ei\u0161te. Suradnja talijanskih in\u017eenjera s proizvodnim tehni\u010darima daje im priliku za prodaju kompletnog seta daljinskih upravlja\u010da koji su pouzdani, svestrani i sigurni, s neusporedivim odnosom kvalitete i cijene.<\/p>\n<p><a href=\"https:\/\/www.telecrane.it\/en\/\"><span style=\"text-decoration: underline;\"><span style=\"color: #666666; text-decoration: underline;\">https:\/\/www.telecrane.it\/en\/<\/span><\/span><\/a><\/p>\n<p>&nbsp;<\/p>\n<p>[\/et_pb_text][\/et_pb_column][et_pb_column type=&#8221;2_5&#8243; _builder_version=&#8221;4.27.2&#8243; _module_preset=&#8221;default&#8221; global_colors_info=&#8221;{}&#8221;][et_pb_image src=&#8221;https:\/\/kranster.hr\/wp-content\/uploads\/2025\/03\/Telecrane-Italia-logo-\u2013-kopija.png&#8221; title_text=&#8221;Telecrane Italia logo \u2013 kopija&#8221; url=&#8221;https:\/\/www.telecrane.it\/en\/&#8221; url_new_window=&#8221;on&#8221; align=&#8221;center&#8221; _builder_version=&#8221;4.27.2&#8243; _module_preset=&#8221;default&#8221; background_color=&#8221;RGBA(255,255,255,0)&#8221; width=&#8221;125%&#8221; max_width=&#8221;125%&#8221; height=&#8221;125%&#8221; global_colors_info=&#8221;{}&#8221;][\/et_pb_image][\/et_pb_column][\/et_pb_row][\/et_pb_section]<\/p>\n","protected":false},"excerpt":{"rendered":"<p>SWF KRANTECHNIK makes it easy. Od osnutka 1921. godine, povijest tvrtke SWF Krantechnik oblikovana je iskustvom, inovacijama i stalnim rastom. Sa sjedi\u0161tem u Mannheimu, Njema\u010dka, i uredom u \u0160angaju, svrstavaju se me\u0111u globalne lidere za dizalice i opremu za podizanje. SWF Krantechnik je \u010dlan Grupe Konecranes. Svojim portfeljem proizvoda u bliskoj suradnji s partnerima postavljaju [&hellip;]<\/p>\n","protected":false},"author":1,"featured_media":0,"parent":0,"menu_order":0,"comment_status":"closed","ping_status":"closed","template":"","meta":{"_et_pb_use_builder":"on","_et_pb_old_content":"","_et_gb_content_width":"","footnotes":""},"class_list":["post-334","page","type-page","status-publish","hentry"],"_links":{"self":[{"href":"https:\/\/kranster.hr\/index.php?rest_route=\/wp\/v2\/pages\/334","targetHints":{"allow":["GET"]}}],"collection":[{"href":"https:\/\/kranster.hr\/index.php?rest_route=\/wp\/v2\/pages"}],"about":[{"href":"https:\/\/kranster.hr\/index.php?rest_route=\/wp\/v2\/types\/page"}],"author":[{"embeddable":true,"href":"https:\/\/kranster.hr\/index.php?rest_route=\/wp\/v2\/users\/1"}],"replies":[{"embeddable":true,"href":"https:\/\/kranster.hr\/index.php?rest_route=%2Fwp%2Fv2%2Fcomments&post=334"}],"version-history":[{"count":17,"href":"https:\/\/kranster.hr\/index.php?rest_route=\/wp\/v2\/pages\/334\/revisions"}],"predecessor-version":[{"id":579,"href":"https:\/\/kranster.hr\/index.php?rest_route=\/wp\/v2\/pages\/334\/revisions\/579"}],"wp:attachment":[{"href":"https:\/\/kranster.hr\/index.php?rest_route=%2Fwp%2Fv2%2Fmedia&parent=334"}],"curies":[{"name":"wp","href":"https:\/\/api.w.org\/{rel}","templated":true}]}}